{"id":84,"date":"2017-08-08T15:03:17","date_gmt":"2017-08-08T13:03:17","guid":{"rendered":"https:\/\/www.yoomaz.com\/photographe\/?page_id=84"},"modified":"2024-07-21T13:58:28","modified_gmt":"2024-07-21T11:58:28","slug":"yoomaz-photographe","status":"publish","type":"page","link":"https:\/\/www.yoomaz.com\/photographe\/yoomaz-photographe\/","title":{"rendered":"Yoomaz photographe"},"content":{"rendered":"<h1 style=\"text-align: center;\">Un outil pens\u00e9 pour les photographes et d\u00e9di\u00e9 \u00e0 la photographie scolaire<\/h1>\n<p style=\"text-align: center;\">Yoomaz vous propose un <strong>outil innovant, facile \u00e0 utiliser et \u00e9conomique<\/strong><\/p>\n<p style=\"text-align: center;\">Gr\u00e2ce \u00e0 Yoomaz, augmentez vos ventes de photgraphie scolaire, automatisez vos processus de travail et conqu\u00e9rez de nouveaux \u00e9tablissements scolaires<\/p>\n<h2 style=\"text-align: center;\">Les avantages<\/h2>\n<p style=\"text-align: center;\">Vous n&rsquo;\u00eates pas engag\u00e9 et restez ma\u00eetre de l&rsquo;ensemble de votre processus. Du d\u00e9marchage de nouvelles \u00e9coles jusqu&rsquo;\u00e0 la r\u00e9alisation des photos, en passant par la vente aux parents et la livraison \u00e0 l&rsquo;\u00e9cole, Yoomaz reste un outil pour vous<\/p>\n<p style=\"text-align: center;\">Une tarification simple et claire<\/p>\n<p style=\"text-align: center;\">Vous continuez \u00e0 travailler avec vos prestataires habituels (laboratoire, cartonnage scolaire &#8230;)<\/p>\n<p style=\"text-align: center;\">Vous restez l&rsquo;unique interlocuteur de l&rsquo;\u00e9tablissement scolaires<\/p>\n<p style=\"text-align: center;\">Vous disposez d&rsquo;un outil puissant pour proposer et concevoir de nouveaux produits<\/p>\n<h2 style=\"text-align: center;\">Comment \u00e7a marche?<\/h2>\n<h3 style=\"text-align: center;\">La prise de vue<\/h3>\n<p style=\"text-align: center;\">Vous r\u00e9alisez la prise de vue dans l&rsquo;\u00e9tablissement scolaire (Photo de portrait, Photo de classe, photo de fratrie)<\/p>\n<p style=\"text-align: center;\"><img loading=\"lazy\" decoding=\"async\" class=\"bordure wp-image-68 size-medium aligncenter\" src=\"https:\/\/www.yoomaz.com\/photographe\/wp-content\/uploads\/2017\/08\/photo-de-classe-300x191.jpg\" alt=\"photo de classe Yoomaz\" width=\"300\" height=\"191\" srcset=\"https:\/\/www.yoomaz.com\/photographe\/wp-content\/uploads\/2017\/08\/photo-de-classe-300x191.jpg 300w, https:\/\/www.yoomaz.com\/photographe\/wp-content\/uploads\/2017\/08\/photo-de-classe-768x489.jpg 768w, https:\/\/www.yoomaz.com\/photographe\/wp-content\/uploads\/2017\/08\/photo-de-classe.jpg 867w\" sizes=\"auto, (max-width: 300px) 100vw, 300px\" \/><\/p>\n<h3 style=\"text-align: center;\">L&rsquo;envoi des fichiers<\/h3>\n<p style=\"text-align: center;\">Vous pr\u00e9parez vos images et les uploadez sur yoomaz dans l&rsquo;espace d\u00e9di\u00e9 \u00e0 l&rsquo;\u00e9cole que vous avez cr\u00e9\u00e9<\/p>\n<h3 style=\"text-align: center;\">La pr\u00e9paration du site<\/h3>\n<p style=\"text-align: center;\">Vous s\u00e9lectionnezet cr\u00e9ez les produits et packs que vous souhaitez proposez \u00e0 la vente et g\u00e9rez leurs param\u00e8tres: Prix d&rsquo;achat, prix de vente aux parents, prix de vente \u00e0 l&rsquo;\u00e9cole<\/p>\n<p style=\"text-align: center;\"><img loading=\"lazy\" decoding=\"async\" class=\"size-medium wp-image-70 aligncenter\" src=\"https:\/\/www.yoomaz.com\/photographe\/wp-content\/uploads\/2017\/08\/photo-de-classe-avec-pochette-300x200.jpg\" alt=\"photo de classe avec pochette\" width=\"300\" height=\"200\" srcset=\"https:\/\/www.yoomaz.com\/photographe\/wp-content\/uploads\/2017\/08\/photo-de-classe-avec-pochette-300x200.jpg 300w, https:\/\/www.yoomaz.com\/photographe\/wp-content\/uploads\/2017\/08\/photo-de-classe-avec-pochette.jpg 600w\" sizes=\"auto, (max-width: 300px) 100vw, 300px\" \/><\/p>\n<p style=\"text-align: center;\"><img loading=\"lazy\" decoding=\"async\" class=\"aligncenter wp-image-69 size-medium\" src=\"https:\/\/www.yoomaz.com\/photographe\/wp-content\/uploads\/2017\/08\/2017-08-07-11_13_36-Yoomaz-Small-300x200.jpg\" alt=\"photo de classe yoomaz\" width=\"300\" height=\"200\" srcset=\"https:\/\/www.yoomaz.com\/photographe\/wp-content\/uploads\/2017\/08\/2017-08-07-11_13_36-Yoomaz-Small-300x200.jpg 300w, https:\/\/www.yoomaz.com\/photographe\/wp-content\/uploads\/2017\/08\/2017-08-07-11_13_36-Yoomaz-Small.jpg 720w\" sizes=\"auto, (max-width: 300px) 100vw, 300px\" \/><\/p>\n<p style=\"text-align: center;\">Vous pouvez cr\u00e9er le nombre de produits que vous d\u00e9sirez pour \u00eatre toujours plus innovant aupr\u00e8s de vos clients<\/p>\n<h3 style=\"text-align: center;\">La communication aupr\u00e8s des parents<\/h3>\n<p style=\"text-align: center;\">Une fois que le site est pr\u00e8s, vous imprimez et faites distribuer les cartes aux parents<\/p>\n<p style=\"text-align: center;\"><img loading=\"lazy\" decoding=\"async\" class=\"aligncenter wp-image-48\" src=\"https:\/\/www.yoomaz.com\/photographe\/wp-content\/uploads\/2017\/08\/carte-parent-yoomaz-211x300.jpg\" alt=\"carte parent yoomaz\" width=\"107\" height=\"152\" srcset=\"https:\/\/www.yoomaz.com\/photographe\/wp-content\/uploads\/2017\/08\/carte-parent-yoomaz-211x300.jpg 211w, https:\/\/www.yoomaz.com\/photographe\/wp-content\/uploads\/2017\/08\/carte-parent-yoomaz.jpg 413w\" sizes=\"auto, (max-width: 107px) 100vw, 107px\" \/><\/p>\n<h3 style=\"text-align: center;\">La vente<\/h3>\n<p style=\"text-align: center;\">Vous utiliser la puissance de yoomaz pour suivre en temps r\u00e9el les ventes et leur paiement, valider les paiements par ch\u00e8que et esp\u00e8ces<\/p>\n<p style=\"text-align: center;\">Vous n&rsquo;avez aucune d\u00e9marche \u00e0 r\u00e9aliser, Yoomaz s&rsquo;occupe de tout pour vous<\/p>\n<h3 style=\"text-align: center;\">L&rsquo;impression des produits<\/h3>\n<p style=\"text-align: center;\">A l&rsquo;issue des ventes, vous cl\u00f4turez le site d\u00e9di\u00e9 \u00e0 l&rsquo;\u00e9cole<\/p>\n<p style=\"text-align: center;\">Vous lancez la g\u00e9n\u00e9ration des images command\u00e9es et les t\u00e9l\u00e9chargez<\/p>\n<p style=\"text-align: center;\">Vous envoyez directement les images g\u00e9n\u00e9r\u00e9e \u00e0 votre laboratoire sans modification. Vous restez ma\u00eetre de vos fournisseurs<\/p>\n<h3 style=\"text-align: center;\">Livraison<\/h3>\n<p style=\"text-align: center;\">A l&rsquo;issue, vous livrez l&rsquo;\u00e9cole en main propre<\/p>\n<h3 style=\"text-align: center;\"><\/h3>\n","protected":false},"excerpt":{"rendered":"<p>Un outil pens\u00e9 pour les photographes et d\u00e9di\u00e9 \u00e0 la photographie scolaire Yoomaz vous propose un outil innovant, facile \u00e0 utiliser et \u00e9conomique Gr\u00e2ce \u00e0 Yoomaz, augmentez vos ventes de photgraphie scolaire, automatisez vos processus de travail et conqu\u00e9rez de nouveaux \u00e9tablissements scolaires Les avantages Vous n&rsquo;\u00eates pas engag\u00e9 et restez ma\u00eetre de l&rsquo;ensemble de <a href=\"https:\/\/www.yoomaz.com\/photographe\/yoomaz-photographe\/\" rel=\"nofollow\"><span class=\"sr-only\">En savoir plus surYoomaz photographe<\/span>[&hellip;]<\/a><\/p>\n","protected":false},"author":1,"featured_media":0,"parent":0,"menu_order":0,"comment_status":"closed","ping_status":"closed","template":"template-fullwidth.php","meta":{"footnotes":""},"class_list":["post-84","page","type-page","status-publish","hentry"],"_links":{"self":[{"href":"https:\/\/www.yoomaz.com\/photographe\/wp-json\/wp\/v2\/pages\/84","targetHints":{"allow":["GET"]}}],"collection":[{"href":"https:\/\/www.yoomaz.com\/photographe\/wp-json\/wp\/v2\/pages"}],"about":[{"href":"https:\/\/www.yoomaz.com\/photographe\/wp-json\/wp\/v2\/types\/page"}],"author":[{"embeddable":true,"href":"https:\/\/www.yoomaz.com\/photographe\/wp-json\/wp\/v2\/users\/1"}],"replies":[{"embeddable":true,"href":"https:\/\/www.yoomaz.com\/photographe\/wp-json\/wp\/v2\/comments?post=84"}],"version-history":[{"count":9,"href":"https:\/\/www.yoomaz.com\/photographe\/wp-json\/wp\/v2\/pages\/84\/revisions"}],"predecessor-version":[{"id":273,"href":"https:\/\/www.yoomaz.com\/photographe\/wp-json\/wp\/v2\/pages\/84\/revisions\/273"}],"wp:attachment":[{"href":"https:\/\/www.yoomaz.com\/photographe\/wp-json\/wp\/v2\/media?parent=84"}],"curies":[{"name":"wp","href":"https:\/\/api.w.org\/{rel}","templated":true}]}}