{"id":227,"date":"2021-08-30T19:30:38","date_gmt":"2021-08-30T17:30:38","guid":{"rendered":"https:\/\/www.yoomaz.com\/photographe\/?page_id=227"},"modified":"2021-10-11T12:00:08","modified_gmt":"2021-10-11T10:00:08","slug":"aide-parents","status":"publish","type":"page","link":"https:\/\/www.yoomaz.com\/photographe\/aide-parents\/","title":{"rendered":"Aide parents"},"content":{"rendered":"<ul class=\"wp-block-latest-posts__list wp-block-latest-posts\"><li><a class=\"wp-block-latest-posts__post-title\" href=\"https:\/\/www.yoomaz.com\/photographe\/2021\/07\/13\/je-nai-pas-vu-la-date-de-cloture-et-les-commandes-sont-terminees-puis-je-neanmoins-effectuer-une-commande\/\">Je n&rsquo;ai pas vu la date de cl\u00f4ture et les commandes sont termin\u00e9es. Puis je n\u00e9anmoins effectuer une commande ?<\/a><\/li>\n<li><a class=\"wp-block-latest-posts__post-title\" href=\"https:\/\/www.yoomaz.com\/photographe\/2021\/07\/13\/la-photo-qui-est-sur-le-bon-de-commande-nest-pas-celle-commandee\/\">La photo qui est sur le bon de commande n&rsquo;est pas celle command\u00e9e<\/a><\/li>\n<li><a class=\"wp-block-latest-posts__post-title\" href=\"https:\/\/www.yoomaz.com\/photographe\/2021\/07\/13\/je-ne-souhaite-pas-regler-ma-commande-par-cb-sur-le-site\/\">Je ne souhaite pas r\u00e9gler ma commande par CB sur le site<\/a><\/li>\n<li><a class=\"wp-block-latest-posts__post-title\" href=\"https:\/\/www.yoomaz.com\/photographe\/2021\/07\/13\/je-ne-parviens-pas-a-commander-pour-mes-deux-enfants-en-meme-temps\/\">Je ne parviens pas \u00e0 commander pour mes deux enfants en m\u00eame temps<\/a><\/li>\n<li><a class=\"wp-block-latest-posts__post-title\" href=\"https:\/\/www.yoomaz.com\/photographe\/2021\/07\/13\/mon-enfant-a-perdu-sa-carte-avec-son-identifiant-et-son-mot-de-passe\/\">Mon enfant a perdu sa carte avec son identifiant et son mot de passe<\/a><\/li>\n<li><a class=\"wp-block-latest-posts__post-title\" href=\"https:\/\/www.yoomaz.com\/photographe\/2021\/07\/13\/mon-enfant-a-ete-absent-pour-le-portrait-individuel-pourra-til-neanmoins-commander-une-photo-de-classe\/\">Mon enfant a \u00e9t\u00e9 absent pour le portrait individuel ; pourra t&rsquo;il n\u00e9anmoins commander une photo de classe ?<\/a><\/li>\n<\/ul>\n\n\n<div class=\"wp-block-buttons is-content-justification-center is-vertical is-layout-flex wp-block-buttons-is-layout-flex\">\n<div class=\"wp-block-button has-custom-width wp-block-button__width-50 has-custom-font-size is-style-fill has-normal-font-size\"><a class=\"wp-block-button__link has-white-color has-text-color has-background\" href=\"https:\/\/www.yoomaz.com\/photographe\/2021\/10\/11\/formulaire-daide\/\" style=\"background-color:#772e72\">Nous contacter<\/a><\/div>\n<\/div>\n\n\n\n<p><\/p>\n","protected":false},"excerpt":{"rendered":"","protected":false},"author":1,"featured_media":0,"parent":0,"menu_order":0,"comment_status":"closed","ping_status":"closed","template":"","meta":{"footnotes":""},"class_list":["post-227","page","type-page","status-publish","hentry"],"_links":{"self":[{"href":"https:\/\/www.yoomaz.com\/photographe\/wp-json\/wp\/v2\/pages\/227","targetHints":{"allow":["GET"]}}],"collection":[{"href":"https:\/\/www.yoomaz.com\/photographe\/wp-json\/wp\/v2\/pages"}],"about":[{"href":"https:\/\/www.yoomaz.com\/photographe\/wp-json\/wp\/v2\/types\/page"}],"author":[{"embeddable":true,"href":"https:\/\/www.yoomaz.com\/photographe\/wp-json\/wp\/v2\/users\/1"}],"replies":[{"embeddable":true,"href":"https:\/\/www.yoomaz.com\/photographe\/wp-json\/wp\/v2\/comments?post=227"}],"version-history":[{"count":11,"href":"https:\/\/www.yoomaz.com\/photographe\/wp-json\/wp\/v2\/pages\/227\/revisions"}],"predecessor-version":[{"id":263,"href":"https:\/\/www.yoomaz.com\/photographe\/wp-json\/wp\/v2\/pages\/227\/revisions\/263"}],"wp:attachment":[{"href":"https:\/\/www.yoomaz.com\/photographe\/wp-json\/wp\/v2\/media?parent=227"}],"curies":[{"name":"wp","href":"https:\/\/api.w.org\/{rel}","templated":true}]}}