{"id":2,"date":"2017-07-12T09:57:41","date_gmt":"2017-07-12T07:57:41","guid":{"rendered":"https:\/\/www.yoomaz.com\/photographe\/?page_id=2"},"modified":"2017-08-08T12:39:24","modified_gmt":"2017-08-08T10:39:24","slug":"accueil","status":"publish","type":"page","link":"https:\/\/www.yoomaz.com\/photographe\/","title":{"rendered":"Accueil"},"content":{"rendered":"<div class=\"section-header\">\n<h2 class=\"dark-text\" style=\"text-align: left;\">UNE SOLUTION COMPL\u00c8TE POUR LES PHOTOGRAPHES<\/h2>\n<div style=\"text-align: left;\">Yoomaz vous propose une solution cl\u00e9 en main pour la vente de vos photographies scolaire.<\/div>\n<div><img loading=\"lazy\" decoding=\"async\" class=\"alignnone size-medium wp-image-20\" src=\"https:\/\/www.yoomaz.com\/photographe\/wp-content\/uploads\/2017\/07\/yoomaz-300x131.png\" alt=\"\" width=\"300\" height=\"131\" srcset=\"https:\/\/www.yoomaz.com\/photographe\/wp-content\/uploads\/2017\/07\/yoomaz-300x131.png 300w, https:\/\/www.yoomaz.com\/photographe\/wp-content\/uploads\/2017\/07\/yoomaz.png 467w\" sizes=\"auto, (max-width: 300px) 100vw, 300px\" \/><\/div>\n<div>\n<p>Un outil de vente <strong>simple et intuitif<\/strong> pour les parentsPossibilit\u00e9 de paiement par <strong>carte bancaire<\/strong>, esp\u00e8ces ou ch\u00e8que<\/p>\n<p>Un <strong>syst\u00e8me de carte<\/strong> \u00e0 remettre aux parents pour faciliter les commandes<\/p>\n<p>Un <strong>acc\u00e8s unique et s\u00e9curis\u00e9<\/strong> aux photos de leurs enfants<\/p>\n<\/div>\n<div class=\"section-legend\" style=\"text-align: left;\">Des fonctionnalit\u00e9s avanc\u00e9es de gestion des \u00e9coles, des produits et des ventes<\/div>\n<div>\n<p>Gestion des \u00e9coles\u00a0:<\/p>\n<ul>\n<li>Gestion par classe et par \u00e9l\u00e8ve<\/li>\n<li>Reporting des ventes<\/li>\n<li>Une vision claire des co\u00fbts de chaque \u00e9tape<\/li>\n<li>Photographie de classe<\/li>\n<li>Photographie de portrait<\/li>\n<li>Photographie de fratrie<\/li>\n<\/ul>\n<\/div>\n<\/div>\n<div class=\"row\">\n<div class=\"textwidget\">\n<div style=\"text-align: left;\">\n<p style=\"text-align: left;\">Un acc\u00e8s d\u00e9di\u00e9 aux \u00e9coles<\/p>\n<ul style=\"text-align: left;\">\n<li style=\"text-align: left;\">Gestion des ventes<\/li>\n<li style=\"text-align: left;\">Passage de commande pour les parents<\/li>\n<li style=\"text-align: left;\">Edition de trombinoscopes<\/li>\n<\/ul>\n<p style=\"text-align: left;\">Un catalogue de produit totalement libre<\/p>\n<ul style=\"text-align: left;\">\n<li style=\"text-align: left;\">Vous <strong>g\u00e9rez et cr\u00e9ez<\/strong> tous les mod\u00e8les de produits photographiques que vous voulez<\/li>\n<li style=\"text-align: left;\">Possibilit\u00e9 de vente en pack pour d\u00e9multiplier vos ventes<\/li>\n<li style=\"text-align: left;\">Une liste de produits et packs d\u00e9di\u00e9e \u00e0 chaque \u00e9cole<\/li>\n<\/ul>\n<h3 class=\"container text\" style=\"text-align: left;\" data-scrollreveal=\"enter left after 0s over 1s\" data-sr-init=\"true\" data-sr-complete=\"true\">Une tarification claire et unique! Pas de frais cach\u00e9s<\/h3>\n<p style=\"text-align: left;\">Yoomaz pr\u00e9l\u00e8ve uniquement une commission fixe sur les ventes.<\/p>\n<p style=\"text-align: left;\">Vous savez imm\u00e9diatement<\/p>\n<\/div>\n<\/div>\n<\/div>\n","protected":false},"excerpt":{"rendered":"<p>UNE SOLUTION COMPL\u00c8TE POUR LES PHOTOGRAPHES Yoomaz vous propose une solution cl\u00e9 en main pour la vente de vos photographies scolaire. Un outil de vente simple et intuitif pour les parentsPossibilit\u00e9 de paiement par carte bancaire, esp\u00e8ces ou ch\u00e8que Un syst\u00e8me de carte \u00e0 remettre aux parents pour faciliter les commandes Un acc\u00e8s unique et <a href=\"https:\/\/www.yoomaz.com\/photographe\/\" rel=\"nofollow\"><span class=\"sr-only\">En savoir plus surAccueil<\/span>[&hellip;]<\/a><\/p>\n","protected":false},"author":1,"featured_media":0,"parent":0,"menu_order":0,"comment_status":"closed","ping_status":"open","template":"","meta":{"footnotes":""},"class_list":["post-2","page","type-page","status-publish","hentry"],"_links":{"self":[{"href":"https:\/\/www.yoomaz.com\/photographe\/wp-json\/wp\/v2\/pages\/2","targetHints":{"allow":["GET"]}}],"collection":[{"href":"https:\/\/www.yoomaz.com\/photographe\/wp-json\/wp\/v2\/pages"}],"about":[{"href":"https:\/\/www.yoomaz.com\/photographe\/wp-json\/wp\/v2\/types\/page"}],"author":[{"embeddable":true,"href":"https:\/\/www.yoomaz.com\/photographe\/wp-json\/wp\/v2\/users\/1"}],"replies":[{"embeddable":true,"href":"https:\/\/www.yoomaz.com\/photographe\/wp-json\/wp\/v2\/comments?post=2"}],"version-history":[{"count":4,"href":"https:\/\/www.yoomaz.com\/photographe\/wp-json\/wp\/v2\/pages\/2\/revisions"}],"predecessor-version":[{"id":42,"href":"https:\/\/www.yoomaz.com\/photographe\/wp-json\/wp\/v2\/pages\/2\/revisions\/42"}],"wp:attachment":[{"href":"https:\/\/www.yoomaz.com\/photographe\/wp-json\/wp\/v2\/media?parent=2"}],"curies":[{"name":"wp","href":"https:\/\/api.w.org\/{rel}","templated":true}]}}